{"id":156,"date":"2015-07-16T09:12:51","date_gmt":"2015-07-16T06:12:51","guid":{"rendered":"http:\/\/test.kriesi.at\/minimal-portfolio\/?page_id=156"},"modified":"2023-06-20T20:25:35","modified_gmt":"2023-06-20T17:25:35","slug":"contact","status":"publish","type":"page","link":"https:\/\/www.ottopalace.com\/deutsch\/?page_id=156","title":{"rendered":"Contact"},"content":{"rendered":"\n<style type=\"text\/css\" data-created_by=\"avia_inline_auto\" id=\"style-css-av-2qcpec-8384e935a64419384d5eed1a05ddfb62\">\n.avia-section.av-2qcpec-8384e935a64419384d5eed1a05ddfb62{\nbackground-repeat:no-repeat;\nbackground-image:url(https:\/\/www.ottopalace.com\/deutsch\/wp-content\/uploads\/2015\/07\/ornament-bg-top-small-1.png);\nbackground-position:50% 0%;\nbackground-attachment:scroll;\n}\n.avia-section.av-2qcpec-8384e935a64419384d5eed1a05ddfb62 .av-extra-border-element .av-extra-border-inner{\nbackground-color:#ffffff;\n}\n<\/style>\n<div id='av_section_1'  class='avia-section av-2qcpec-8384e935a64419384d5eed1a05ddfb62 main_color avia-section-huge avia-no-border-styling  avia-builder-el-0  el_before_av_google_map  avia-builder-el-first  avia-full-contain avia-bg-style-scroll av-arrow-down-section container_wrap fullsize'  data-section-bg-repeat='contain'><div class='container av-section-cont-open' ><main  role=\"main\" itemprop=\"mainContentOfPage\"  class='template-page content  av-content-full alpha units'><div class='post-entry post-entry-type-page post-entry-156'><div class='entry-content-wrapper clearfix'>\n\n<style type=\"text\/css\" data-created_by=\"avia_inline_auto\" id=\"style-css-av-2jq34c-0758abb5607c820de7d9f636c26d035e\">\n#top .flex_column.av-2jq34c-0758abb5607c820de7d9f636c26d035e{\nmargin-top:0px;\nmargin-bottom:0px;\n}\n.flex_column.av-2jq34c-0758abb5607c820de7d9f636c26d035e{\nborder-radius:0px 0px 0px 0px;\n-webkit-border-radius:0px 0px 0px 0px;\n-moz-border-radius:0px 0px 0px 0px;\npadding:30px 30px 30px 30px;\nbackground-color:#ffffff;\n}\n.responsive #top #wrap_all .flex_column.av-2jq34c-0758abb5607c820de7d9f636c26d035e{\nmargin-top:0px;\nmargin-bottom:0px;\n}\n<\/style>\n<div class='flex_column av-2jq34c-0758abb5607c820de7d9f636c26d035e av_one_full  avia-builder-el-1  el_before_av_hr  avia-builder-el-first  first flex_column_div '   ><style type=\"text\/css\" data-created_by=\"avia_inline_auto\" id=\"style-css-av-2cjqys-aa2988cf3af09f16e9a092a6558a4c0b\">\n#top .av-special-heading.av-2cjqys-aa2988cf3af09f16e9a092a6558a4c0b{\npadding-bottom:20px;\nfont-size:40px;\n}\nbody .av-special-heading.av-2cjqys-aa2988cf3af09f16e9a092a6558a4c0b .av-special-heading-tag .heading-char{\nfont-size:25px;\n}\n#top #wrap_all .av-special-heading.av-2cjqys-aa2988cf3af09f16e9a092a6558a4c0b .av-special-heading-tag{\nfont-size:40px;\n}\n.av-special-heading.av-2cjqys-aa2988cf3af09f16e9a092a6558a4c0b .av-subheading{\nfont-size:15px;\n}\n<\/style>\n<div  class='av-special-heading av-2cjqys-aa2988cf3af09f16e9a092a6558a4c0b av-special-heading-h1 blockquote modern-quote modern-centered  avia-builder-el-2  avia-builder-el-no-sibling  av-inherit-size'><h1 class='av-special-heading-tag'  itemprop=\"headline\"  >Otto Palace &#8211; Contact<\/h1><div class=\"special-heading-border\"><div class=\"special-heading-inner-border\"><\/div><\/div><\/div><\/div>\n<style type=\"text\/css\" data-created_by=\"avia_inline_auto\" id=\"style-css-av-276ock-5b860b503972acd5df0d11fd3ed9fc8d\">\n#top .hr.av-276ock-5b860b503972acd5df0d11fd3ed9fc8d{\nmargin-top:0px;\nmargin-bottom:70px;\n}\n.hr.av-276ock-5b860b503972acd5df0d11fd3ed9fc8d .hr-inner{\nwidth:50px;\nborder-color:#f8f8f8;\nmax-width:45%;\n}\n.hr.av-276ock-5b860b503972acd5df0d11fd3ed9fc8d .av-seperator-icon{\ncolor:#e5c80c;\n}\n<\/style>\n<div  class='hr av-276ock-5b860b503972acd5df0d11fd3ed9fc8d hr-custom  avia-builder-el-3  el_after_av_one_full  el_before_av_one_half  hr-center hr-icon-yes'><span class='hr-inner inner-border-av-border-fat'><span class=\"hr-inner-style\"><\/span><\/span><span class='av-seperator-icon' aria-hidden='true' data-av_icon='\ue8ce' data-av_iconfont='entypo-fontello'><\/span><span class='hr-inner inner-border-av-border-fat'><span class=\"hr-inner-style\"><\/span><\/span><\/div>\n\n<style type=\"text\/css\" data-created_by=\"avia_inline_auto\" id=\"style-css-av-22javw-a545b0be772ca1f918a8c9f6c1fba285\">\n.flex_column.av-22javw-a545b0be772ca1f918a8c9f6c1fba285{\nborder-radius:0px 0px 0px 0px;\n-webkit-border-radius:0px 0px 0px 0px;\n-moz-border-radius:0px 0px 0px 0px;\n}\n<\/style>\n<div class='flex_column av-22javw-a545b0be772ca1f918a8c9f6c1fba285 av_one_half  avia-builder-el-4  el_after_av_hr  el_before_av_one_half  first flex_column_div  av-animated-generic bottom-to-top av-zero-column-padding '   ><p>\n<style type=\"text\/css\" data-created_by=\"avia_inline_auto\" id=\"style-css-av-1vlwho-816d1d4f0fe15ef1fdf89d8f2844919e\">\n#top .av-special-heading.av-1vlwho-816d1d4f0fe15ef1fdf89d8f2844919e{\npadding-bottom:10px;\n}\nbody .av-special-heading.av-1vlwho-816d1d4f0fe15ef1fdf89d8f2844919e .av-special-heading-tag .heading-char{\nfont-size:25px;\n}\n.av-special-heading.av-1vlwho-816d1d4f0fe15ef1fdf89d8f2844919e .av-subheading{\nfont-size:15px;\n}\n<\/style>\n<div  class='av-special-heading av-1vlwho-816d1d4f0fe15ef1fdf89d8f2844919e av-special-heading-h3  avia-builder-el-5  el_before_av_textblock  avia-builder-el-first '><h3 class='av-special-heading-tag'  itemprop=\"headline\"  >Otto Palace Contact<\/h3><div class=\"special-heading-border\"><div class=\"special-heading-inner-border\"><\/div><\/div><\/div><br \/>\n<section  class='av_textblock_section av-1spl38-29a2bbced4cfcbdbaf9d00eb3c1b9b68'  itemscope=\"itemscope\" itemtype=\"https:\/\/schema.org\/CreativeWork\" ><div class='avia_textblock'  itemprop=\"text\" ><p>Adrasan<\/p>\n<p><strong>Antalya, Turkey<\/strong><\/p>\n<p class=\"contactPhone\">Telephone\u00a0 : <a href=\"tel:02428831462\">02428831462<\/a><\/p>\n<p class=\"contactPhone\">GSM\u00a0: <a href=\"tel:+905339596607\">05339596607<\/a><\/p>\n<p class=\"contactEmail\">eMail\u00a0: <a href=\"mailto:info@ottopalace.com\">info@ottopalace.com<\/a><\/p>\n<\/div><\/section><br \/>\n<div  class='avia-button-wrap avia-button-left  avia-builder-el-7  el_after_av_textblock  avia-builder-el-last ' ><a href='https:\/\/goo.gl\/ljqG66' class='avia-button av-1lgagc-483030870e83c2e104839d3c95131d49 avia-icon_select-yes-left-icon avia-size-large avia-position-left av-icon-on-hover avia-color-dark' target=\"_blank\" rel=\"noopener noreferrer\"><span class='avia_button_icon avia_button_icon_left' aria-hidden='true' data-av_icon='\ue842' data-av_iconfont='entypo-fontello'><\/span><span class='avia_iconbox_title' >GPS Route for Google Map<\/span><\/a><\/div><\/p><\/div>\n<style type=\"text\/css\" data-created_by=\"avia_inline_auto\" id=\"style-css-av-1exdnw-5d8ce6c4a39c4a8d9e9d3807fe2b3f17\">\n.flex_column.av-1exdnw-5d8ce6c4a39c4a8d9e9d3807fe2b3f17{\nborder-radius:0px 0px 0px 0px;\n-webkit-border-radius:0px 0px 0px 0px;\n-moz-border-radius:0px 0px 0px 0px;\n}\n<\/style>\n<div class='flex_column av-1exdnw-5d8ce6c4a39c4a8d9e9d3807fe2b3f17 av_one_half  avia-builder-el-8  el_after_av_one_half  avia-builder-el-last  flex_column_div  av-animated-generic bottom-to-top av-zero-column-padding '   ><form action=\"https:\/\/www.ottopalace.com\/deutsch\/?page_id=156\" method=\"post\"  class=\"avia_ajax_form av-form-labels-hidden   avia-builder-el-9  avia-builder-el-no-sibling  av-custom-form-color av-dark-form \" data-avia-form-id=\"1\" data-avia-redirect='' ><fieldset><p class='  first_form  form_element form_element_third' id='element_avia_1_1'><label for=\"avia_1_1\">\u0130sminiz <abbr class=\"required\" title=\"required\">*<\/abbr><\/label> <input name=\"avia_1_1\" class=\"text_input is_empty\" type=\"text\" id=\"avia_1_1\" value=\"\"  placeholder='\u0130sminiz*'\/><\/p><p class='  form_element form_element_third' id='element_avia_2_1'><label for=\"avia_2_1\">E-Mail <abbr class=\"required\" title=\"required\">*<\/abbr><\/label> <input name=\"avia_2_1\" class=\"text_input is_email\" type=\"text\" id=\"avia_2_1\" value=\"\"  placeholder='E-Mail*'\/><\/p><p class='  form_element form_element_third' id='element_avia_3_1'><label for=\"avia_3_1\">Mesaj\u0131n\u0131z\u0131n Konusu <abbr class=\"required\" title=\"required\">*<\/abbr><\/label> <input name=\"avia_3_1\" class=\"text_input is_empty\" type=\"text\" id=\"avia_3_1\" value=\"\"  placeholder='Mesaj\u0131n\u0131z\u0131n Konusu*'\/><\/p><p class='  first_form  form_element form_fullwidth av-last-visible-form-element' id='element_avia_4_1'><label for=\"avia_4_1\" class=\"textare_label hidden textare_label_avia_4_1\">Mesaj\u0131n\u0131z <abbr class=\"required\" title=\"required\">*<\/abbr><\/label><textarea  placeholder='Mesaj\u0131n\u0131z*' name=\"avia_4_1\" class=\"text_area is_empty\" cols=\"40\" rows=\"7\" id=\"avia_4_1\" ><\/textarea><\/p><p class=\"hidden\"><input type=\"text\" name=\"avia_5_1\" class=\"hidden \" id=\"avia_5_1\" value=\"\" \/><\/p><p class=\"form_element \"><input type=\"hidden\" value=\"1\" name=\"avia_generated_form1\" \/><input type=\"submit\" value=\"G\u00f6nder\" class=\"button\"  data-sending-label=\"Sending\"\/><\/p><\/fieldset><\/form><div id=\"ajaxresponse_1\" class=\"ajaxresponse ajaxresponse_1 hidden\"><\/div><\/div><div  class='av_gmaps_sc_main_wrap av_gmaps_main_wrap '><div id='av_gmap_0' class='avia-google-map-container avia-google-map-sc av_gmaps_show_unconditionally av-no-fallback-img ' data-mapid='av_gmap_0'  style='height: 550px;'><a class=\"av_gmaps_browser_disabled av_text_confirm_link av_text_confirm_link_visible\" href=\"https:\/\/www.google.com\/maps\/search\/?api=1&#038;query=Adrasan,%20T\u00dcRK\u0130YE\" target=\"_blank\" rel=\"noopener\">Maps were disabled by the visitor on this site. Click to open the map in a new window.<\/a><\/div><\/div><\/p>\n","protected":false},"excerpt":{"rendered":"","protected":false},"author":1,"featured_media":0,"parent":0,"menu_order":0,"comment_status":"open","ping_status":"closed","template":"","meta":[],"_links":{"self":[{"href":"https:\/\/www.ottopalace.com\/deutsch\/index.php?rest_route=\/wp\/v2\/pages\/156"}],"collection":[{"href":"https:\/\/www.ottopalace.com\/deutsch\/index.php?rest_route=\/wp\/v2\/pages"}],"about":[{"href":"https:\/\/www.ottopalace.com\/deutsch\/index.php?rest_route=\/wp\/v2\/types\/page"}],"author":[{"embeddable":true,"href":"https:\/\/www.ottopalace.com\/deutsch\/index.php?rest_route=\/wp\/v2\/users\/1"}],"replies":[{"embeddable":true,"href":"https:\/\/www.ottopalace.com\/deutsch\/index.php?rest_route=%2Fwp%2Fv2%2Fcomments&post=156"}],"version-history":[{"count":22,"href":"https:\/\/www.ottopalace.com\/deutsch\/index.php?rest_route=\/wp\/v2\/pages\/156\/revisions"}],"predecessor-version":[{"id":1346,"href":"https:\/\/www.ottopalace.com\/deutsch\/index.php?rest_route=\/wp\/v2\/pages\/156\/revisions\/1346"}],"wp:attachment":[{"href":"https:\/\/www.ottopalace.com\/deutsch\/index.php?rest_route=%2Fwp%2Fv2%2Fmedia&parent=156"}],"curies":[{"name":"wp","href":"https:\/\/api.w.org\/{rel}","templated":true}]}}